{"id":50,"date":"2026-04-06T13:42:18","date_gmt":"2026-04-06T11:42:18","guid":{"rendered":"https:\/\/centrumbiznesowegk.pl\/?page_id=50"},"modified":"2026-04-06T13:42:19","modified_gmt":"2026-04-06T11:42:19","slug":"doradztwo-marketingowe","status":"publish","type":"page","link":"https:\/\/centrumbiznesowegk.pl\/?page_id=50","title":{"rendered":"Doradztwo marketingowe"},"content":{"rendered":"\n<p>Pomagamy uporz\u0105dkowa\u0107 i rozwin\u0105\u0107 dzia\u0142ania:<\/p>\n\n\n\n<ul class=\"wp-block-list\">\n<li>audyt marketingu<\/li>\n\n\n\n<li>strategia rozwoju<\/li>\n\n\n\n<li>optymalizacja sprzeda\u017cy<\/li>\n\n\n\n<li>konsultacje 1:1<\/li>\n\n\n\n<li>budowa lejk\u00f3w sprzeda\u017cowych<\/li>\n<\/ul>\n\n\n\n<p>\ud83d\udc49 Dla firm, kt\u00f3re chc\u0105 wej\u015b\u0107 poziom wy\u017cej<\/p>\n","protected":false},"excerpt":{"rendered":"<p>Pomagamy uporz\u0105dkowa\u0107 i rozwin\u0105\u0107 dzia\u0142ania: \ud83d\udc49 Dla firm, kt\u00f3re chc\u0105 wej\u015b\u0107 poziom wy\u017cej<\/p>\n","protected":false},"author":1,"featured_media":0,"parent":0,"menu_order":0,"comment_status":"closed","ping_status":"closed","template":"","meta":{"footnotes":""},"class_list":["post-50","page","type-page","status-publish","hentry"],"yoast_head":"<!-- This site is optimized with the Yoast SEO plugin v27.4 - https:\/\/yoast.com\/product\/yoast-seo-wordpress\/ -->\n<title>Doradztwo marketingowe -<\/title>\n<meta name=\"robots\" content=\"index, follow, max-snippet:-1, max-image-preview:large, max-video-preview:-1\" \/>\n<link rel=\"canonical\" href=\"https:\/\/centrumbiznesowegk.pl\/?page_id=50\" \/>\n<meta property=\"og:locale\" content=\"pl_PL\" \/>\n<meta property=\"og:type\" content=\"article\" \/>\n<meta property=\"og:title\" content=\"Doradztwo marketingowe -\" \/>\n<meta property=\"og:description\" content=\"Pomagamy uporz\u0105dkowa\u0107 i rozwin\u0105\u0107 dzia\u0142ania: \ud83d\udc49 Dla firm, kt\u00f3re chc\u0105 wej\u015b\u0107 poziom wy\u017cej\" \/>\n<meta property=\"og:url\" content=\"https:\/\/centrumbiznesowegk.pl\/?page_id=50\" \/>\n<meta property=\"article:modified_time\" content=\"2026-04-06T11:42:19+00:00\" \/>\n<meta name=\"twitter:card\" content=\"summary_large_image\" \/>\n<meta name=\"twitter:label1\" content=\"Szacowany czas czytania\" \/>\n\t<meta name=\"twitter:data1\" content=\"1 minuta\" \/>\n<script type=\"application\/ld+json\" class=\"yoast-schema-graph\">{\"@context\":\"https:\\\/\\\/schema.org\",\"@graph\":[{\"@type\":\"WebPage\",\"@id\":\"https:\\\/\\\/centrumbiznesowegk.pl\\\/?page_id=50\",\"url\":\"https:\\\/\\\/centrumbiznesowegk.pl\\\/?page_id=50\",\"name\":\"Doradztwo marketingowe -\",\"isPartOf\":{\"@id\":\"https:\\\/\\\/centrumbiznesowegk.pl\\\/#website\"},\"datePublished\":\"2026-04-06T11:42:18+00:00\",\"dateModified\":\"2026-04-06T11:42:19+00:00\",\"breadcrumb\":{\"@id\":\"https:\\\/\\\/centrumbiznesowegk.pl\\\/?page_id=50#breadcrumb\"},\"inLanguage\":\"pl-PL\",\"potentialAction\":[{\"@type\":\"ReadAction\",\"target\":[\"https:\\\/\\\/centrumbiznesowegk.pl\\\/?page_id=50\"]}]},{\"@type\":\"BreadcrumbList\",\"@id\":\"https:\\\/\\\/centrumbiznesowegk.pl\\\/?page_id=50#breadcrumb\",\"itemListElement\":[{\"@type\":\"ListItem\",\"position\":1,\"name\":\"Home\",\"item\":\"https:\\\/\\\/centrumbiznesowegk.pl\\\/\"},{\"@type\":\"ListItem\",\"position\":2,\"name\":\"Doradztwo marketingowe\"}]},{\"@type\":\"WebSite\",\"@id\":\"https:\\\/\\\/centrumbiznesowegk.pl\\\/#website\",\"url\":\"https:\\\/\\\/centrumbiznesowegk.pl\\\/\",\"name\":\"\",\"description\":\"\",\"potentialAction\":[{\"@type\":\"SearchAction\",\"target\":{\"@type\":\"EntryPoint\",\"urlTemplate\":\"https:\\\/\\\/centrumbiznesowegk.pl\\\/?s={search_term_string}\"},\"query-input\":{\"@type\":\"PropertyValueSpecification\",\"valueRequired\":true,\"valueName\":\"search_term_string\"}}],\"inLanguage\":\"pl-PL\"}]}<\/script>\n<!-- \/ Yoast SEO plugin. -->","yoast_head_json":{"title":"Doradztwo marketingowe -","robots":{"index":"index","follow":"follow","max-snippet":"max-snippet:-1","max-image-preview":"max-image-preview:large","max-video-preview":"max-video-preview:-1"},"canonical":"https:\/\/centrumbiznesowegk.pl\/?page_id=50","og_locale":"pl_PL","og_type":"article","og_title":"Doradztwo marketingowe -","og_description":"Pomagamy uporz\u0105dkowa\u0107 i rozwin\u0105\u0107 dzia\u0142ania: \ud83d\udc49 Dla firm, kt\u00f3re chc\u0105 wej\u015b\u0107 poziom wy\u017cej","og_url":"https:\/\/centrumbiznesowegk.pl\/?page_id=50","article_modified_time":"2026-04-06T11:42:19+00:00","twitter_card":"summary_large_image","twitter_misc":{"Szacowany czas czytania":"1 minuta"},"schema":{"@context":"https:\/\/schema.org","@graph":[{"@type":"WebPage","@id":"https:\/\/centrumbiznesowegk.pl\/?page_id=50","url":"https:\/\/centrumbiznesowegk.pl\/?page_id=50","name":"Doradztwo marketingowe -","isPartOf":{"@id":"https:\/\/centrumbiznesowegk.pl\/#website"},"datePublished":"2026-04-06T11:42:18+00:00","dateModified":"2026-04-06T11:42:19+00:00","breadcrumb":{"@id":"https:\/\/centrumbiznesowegk.pl\/?page_id=50#breadcrumb"},"inLanguage":"pl-PL","potentialAction":[{"@type":"ReadAction","target":["https:\/\/centrumbiznesowegk.pl\/?page_id=50"]}]},{"@type":"BreadcrumbList","@id":"https:\/\/centrumbiznesowegk.pl\/?page_id=50#breadcrumb","itemListElement":[{"@type":"ListItem","position":1,"name":"Home","item":"https:\/\/centrumbiznesowegk.pl\/"},{"@type":"ListItem","position":2,"name":"Doradztwo marketingowe"}]},{"@type":"WebSite","@id":"https:\/\/centrumbiznesowegk.pl\/#website","url":"https:\/\/centrumbiznesowegk.pl\/","name":"","description":"","potentialAction":[{"@type":"SearchAction","target":{"@type":"EntryPoint","urlTemplate":"https:\/\/centrumbiznesowegk.pl\/?s={search_term_string}"},"query-input":{"@type":"PropertyValueSpecification","valueRequired":true,"valueName":"search_term_string"}}],"inLanguage":"pl-PL"}]}},"_links":{"self":[{"href":"https:\/\/centrumbiznesowegk.pl\/index.php?rest_route=\/wp\/v2\/pages\/50","targetHints":{"allow":["GET"]}}],"collection":[{"href":"https:\/\/centrumbiznesowegk.pl\/index.php?rest_route=\/wp\/v2\/pages"}],"about":[{"href":"https:\/\/centrumbiznesowegk.pl\/index.php?rest_route=\/wp\/v2\/types\/page"}],"author":[{"embeddable":true,"href":"https:\/\/centrumbiznesowegk.pl\/index.php?rest_route=\/wp\/v2\/users\/1"}],"replies":[{"embeddable":true,"href":"https:\/\/centrumbiznesowegk.pl\/index.php?rest_route=%2Fwp%2Fv2%2Fcomments&post=50"}],"version-history":[{"count":1,"href":"https:\/\/centrumbiznesowegk.pl\/index.php?rest_route=\/wp\/v2\/pages\/50\/revisions"}],"predecessor-version":[{"id":51,"href":"https:\/\/centrumbiznesowegk.pl\/index.php?rest_route=\/wp\/v2\/pages\/50\/revisions\/51"}],"wp:attachment":[{"href":"https:\/\/centrumbiznesowegk.pl\/index.php?rest_route=%2Fwp%2Fv2%2Fmedia&parent=50"}],"curies":[{"name":"wp","href":"https:\/\/api.w.org\/{rel}","templated":true}]}}