{"id":54,"date":"2026-04-06T13:43:09","date_gmt":"2026-04-06T11:43:09","guid":{"rendered":"https:\/\/centrumbiznesowegk.pl\/?page_id=54"},"modified":"2026-04-06T13:43:11","modified_gmt":"2026-04-06T11:43:11","slug":"dlaczego-my","status":"publish","type":"page","link":"https:\/\/centrumbiznesowegk.pl\/?page_id=54","title":{"rendered":"DLACZEGO MY?"},"content":{"rendered":"\n<p>\u2714\ufe0f Do\u015bwiadczenie w r\u00f3\u017cnych bran\u017cach<br>\u2714\ufe0f Podej\u015bcie nastawione na sprzeda\u017c<br>\u2714\ufe0f Indywidualne strategie<br>\u2714\ufe0f Realne wsparcie biznesowe<br>\u2714\ufe0f Szybkie wdro\u017cenia<\/p>\n\n\n\n<p><strong>Nie uczymy teorii \u2013 dzia\u0142amy w praktyce.<\/strong><\/p>\n","protected":false},"excerpt":{"rendered":"<p>\u2714\ufe0f Do\u015bwiadczenie w r\u00f3\u017cnych bran\u017cach\u2714\ufe0f Podej\u015bcie nastawione na sprzeda\u017c\u2714\ufe0f Indywidualne strategie\u2714\ufe0f Realne wsparcie biznesowe\u2714\ufe0f Szybkie wdro\u017cenia Nie uczymy teorii \u2013 dzia\u0142amy w praktyce.<\/p>\n","protected":false},"author":1,"featured_media":0,"parent":0,"menu_order":0,"comment_status":"closed","ping_status":"closed","template":"","meta":{"footnotes":""},"class_list":["post-54","page","type-page","status-publish","hentry"],"yoast_head":"<!-- This site is optimized with the Yoast SEO plugin v27.4 - https:\/\/yoast.com\/product\/yoast-seo-wordpress\/ -->\n<title>DLACZEGO MY? -<\/title>\n<meta name=\"robots\" content=\"index, follow, max-snippet:-1, max-image-preview:large, max-video-preview:-1\" \/>\n<link rel=\"canonical\" href=\"https:\/\/centrumbiznesowegk.pl\/?page_id=54\" \/>\n<meta property=\"og:locale\" content=\"pl_PL\" \/>\n<meta property=\"og:type\" content=\"article\" \/>\n<meta property=\"og:title\" content=\"DLACZEGO MY? -\" \/>\n<meta property=\"og:description\" content=\"\u2714\ufe0f Do\u015bwiadczenie w r\u00f3\u017cnych bran\u017cach\u2714\ufe0f Podej\u015bcie nastawione na sprzeda\u017c\u2714\ufe0f Indywidualne strategie\u2714\ufe0f Realne wsparcie biznesowe\u2714\ufe0f Szybkie wdro\u017cenia Nie uczymy teorii \u2013 dzia\u0142amy w praktyce.\" \/>\n<meta property=\"og:url\" content=\"https:\/\/centrumbiznesowegk.pl\/?page_id=54\" \/>\n<meta property=\"article:modified_time\" content=\"2026-04-06T11:43:11+00:00\" \/>\n<meta name=\"twitter:card\" content=\"summary_large_image\" \/>\n<meta name=\"twitter:label1\" content=\"Szacowany czas czytania\" \/>\n\t<meta name=\"twitter:data1\" content=\"1 minuta\" \/>\n<script type=\"application\/ld+json\" class=\"yoast-schema-graph\">{\"@context\":\"https:\\\/\\\/schema.org\",\"@graph\":[{\"@type\":\"WebPage\",\"@id\":\"https:\\\/\\\/centrumbiznesowegk.pl\\\/?page_id=54\",\"url\":\"https:\\\/\\\/centrumbiznesowegk.pl\\\/?page_id=54\",\"name\":\"DLACZEGO MY? -\",\"isPartOf\":{\"@id\":\"https:\\\/\\\/centrumbiznesowegk.pl\\\/#website\"},\"datePublished\":\"2026-04-06T11:43:09+00:00\",\"dateModified\":\"2026-04-06T11:43:11+00:00\",\"breadcrumb\":{\"@id\":\"https:\\\/\\\/centrumbiznesowegk.pl\\\/?page_id=54#breadcrumb\"},\"inLanguage\":\"pl-PL\",\"potentialAction\":[{\"@type\":\"ReadAction\",\"target\":[\"https:\\\/\\\/centrumbiznesowegk.pl\\\/?page_id=54\"]}]},{\"@type\":\"BreadcrumbList\",\"@id\":\"https:\\\/\\\/centrumbiznesowegk.pl\\\/?page_id=54#breadcrumb\",\"itemListElement\":[{\"@type\":\"ListItem\",\"position\":1,\"name\":\"Home\",\"item\":\"https:\\\/\\\/centrumbiznesowegk.pl\\\/\"},{\"@type\":\"ListItem\",\"position\":2,\"name\":\"DLACZEGO MY?\"}]},{\"@type\":\"WebSite\",\"@id\":\"https:\\\/\\\/centrumbiznesowegk.pl\\\/#website\",\"url\":\"https:\\\/\\\/centrumbiznesowegk.pl\\\/\",\"name\":\"\",\"description\":\"\",\"potentialAction\":[{\"@type\":\"SearchAction\",\"target\":{\"@type\":\"EntryPoint\",\"urlTemplate\":\"https:\\\/\\\/centrumbiznesowegk.pl\\\/?s={search_term_string}\"},\"query-input\":{\"@type\":\"PropertyValueSpecification\",\"valueRequired\":true,\"valueName\":\"search_term_string\"}}],\"inLanguage\":\"pl-PL\"}]}<\/script>\n<!-- \/ Yoast SEO plugin. -->","yoast_head_json":{"title":"DLACZEGO MY? -","robots":{"index":"index","follow":"follow","max-snippet":"max-snippet:-1","max-image-preview":"max-image-preview:large","max-video-preview":"max-video-preview:-1"},"canonical":"https:\/\/centrumbiznesowegk.pl\/?page_id=54","og_locale":"pl_PL","og_type":"article","og_title":"DLACZEGO MY? -","og_description":"\u2714\ufe0f Do\u015bwiadczenie w r\u00f3\u017cnych bran\u017cach\u2714\ufe0f Podej\u015bcie nastawione na sprzeda\u017c\u2714\ufe0f Indywidualne strategie\u2714\ufe0f Realne wsparcie biznesowe\u2714\ufe0f Szybkie wdro\u017cenia Nie uczymy teorii \u2013 dzia\u0142amy w praktyce.","og_url":"https:\/\/centrumbiznesowegk.pl\/?page_id=54","article_modified_time":"2026-04-06T11:43:11+00:00","twitter_card":"summary_large_image","twitter_misc":{"Szacowany czas czytania":"1 minuta"},"schema":{"@context":"https:\/\/schema.org","@graph":[{"@type":"WebPage","@id":"https:\/\/centrumbiznesowegk.pl\/?page_id=54","url":"https:\/\/centrumbiznesowegk.pl\/?page_id=54","name":"DLACZEGO MY? -","isPartOf":{"@id":"https:\/\/centrumbiznesowegk.pl\/#website"},"datePublished":"2026-04-06T11:43:09+00:00","dateModified":"2026-04-06T11:43:11+00:00","breadcrumb":{"@id":"https:\/\/centrumbiznesowegk.pl\/?page_id=54#breadcrumb"},"inLanguage":"pl-PL","potentialAction":[{"@type":"ReadAction","target":["https:\/\/centrumbiznesowegk.pl\/?page_id=54"]}]},{"@type":"BreadcrumbList","@id":"https:\/\/centrumbiznesowegk.pl\/?page_id=54#breadcrumb","itemListElement":[{"@type":"ListItem","position":1,"name":"Home","item":"https:\/\/centrumbiznesowegk.pl\/"},{"@type":"ListItem","position":2,"name":"DLACZEGO MY?"}]},{"@type":"WebSite","@id":"https:\/\/centrumbiznesowegk.pl\/#website","url":"https:\/\/centrumbiznesowegk.pl\/","name":"","description":"","potentialAction":[{"@type":"SearchAction","target":{"@type":"EntryPoint","urlTemplate":"https:\/\/centrumbiznesowegk.pl\/?s={search_term_string}"},"query-input":{"@type":"PropertyValueSpecification","valueRequired":true,"valueName":"search_term_string"}}],"inLanguage":"pl-PL"}]}},"_links":{"self":[{"href":"https:\/\/centrumbiznesowegk.pl\/index.php?rest_route=\/wp\/v2\/pages\/54","targetHints":{"allow":["GET"]}}],"collection":[{"href":"https:\/\/centrumbiznesowegk.pl\/index.php?rest_route=\/wp\/v2\/pages"}],"about":[{"href":"https:\/\/centrumbiznesowegk.pl\/index.php?rest_route=\/wp\/v2\/types\/page"}],"author":[{"embeddable":true,"href":"https:\/\/centrumbiznesowegk.pl\/index.php?rest_route=\/wp\/v2\/users\/1"}],"replies":[{"embeddable":true,"href":"https:\/\/centrumbiznesowegk.pl\/index.php?rest_route=%2Fwp%2Fv2%2Fcomments&post=54"}],"version-history":[{"count":1,"href":"https:\/\/centrumbiznesowegk.pl\/index.php?rest_route=\/wp\/v2\/pages\/54\/revisions"}],"predecessor-version":[{"id":55,"href":"https:\/\/centrumbiznesowegk.pl\/index.php?rest_route=\/wp\/v2\/pages\/54\/revisions\/55"}],"wp:attachment":[{"href":"https:\/\/centrumbiznesowegk.pl\/index.php?rest_route=%2Fwp%2Fv2%2Fmedia&parent=54"}],"curies":[{"name":"wp","href":"https:\/\/api.w.org\/{rel}","templated":true}]}}